{"id":120,"date":"2017-02-28T19:24:38","date_gmt":"2017-02-28T19:24:38","guid":{"rendered":"https:\/\/cms.mcc-events.de\/izm\/?page_id=120"},"modified":"2017-04-19T10:41:55","modified_gmt":"2017-04-19T10:41:55","slug":"buchungs-und-stornierungsbedingungen","status":"publish","type":"page","link":"https:\/\/cms.mcc-events.de\/izm\/buchungs-und-stornierungsbedingungen\/","title":{"rendered":"Buchungs- und Stornierungsbedingungen"},"content":{"rendered":"<h2>Buchung<\/h2>\n<p>Im Interesse der Planungssicherheit bitten wir um eine Anmeldung bis vier Wochen vor Veranstaltungsbeginn. Sie erhalten anschlie\u00dfend von uns eine schriftliche Best\u00e4tigung Ihrer Anmeldung, mit welcher der Vertrag zustande kommt, sowie eine elektronische Rechnung. Bei Veranstaltungen mit beschr\u00e4nkter Teilnehmerzahl vergeben wir die Pl\u00e4tze nach der Reihenfolge des Eingangs der Anmeldungen. Ist die Veranstaltung bereits ausgebucht, informieren wir Sie \u00fcber m\u00f6gliche Ausweichtermine.<\/p>\n<h2>Speicherung und Nutzung von Daten<\/h2>\n<p>Mit Ihrer Buchung erkl\u00e4ren Sie sich damit einverstanden, dass Ihre pers\u00f6nlichen Daten vom Veranstalter elektronisch gespeichert werden. Wir behandeln Ihre personenbezogenen Daten vertraulich und nutzen sie im Einklang mit den datenschutzrechtlichen Bestimmungen ausschlie\u00dflich zur Veranstaltungsorganisation des Fraunhofer IZM. Sie haben das Recht, Ihre Einwilligung zur Speicherung und Nutzung Ihrer Daten jederzeit zu widerrufen.<\/p>\n<h2>Veranstaltungskosten<\/h2>\n<p>Die Veranstaltungskosten sind steuerfrei gem\u00e4\u00df \u00a7 4 Nr. 22a UStG und beinhalten i.d.R. neben der Veranstaltung selbst die Unterlagen sowie die Verpflegung (Pausengetr\u00e4nke und Mittagessen). Abendveranstaltungen sind mehrwertsteuerpflichtig und werden gesondert auf der\u00a0Rechnung ausgewiesen.<\/p>\n<h2>Stornierung<\/h2>\n<p>Stornierungen k\u00f6nnen schriftlich, per Email erfolgen. Bis vier Wochen vor Veranstaltungsbeginn bleibt die Stornierung kostenlos.<br \/>\nErhalten wir Ihre Stornierung bis eine Woche vor Veranstaltungsbeginn, werden Stornogeb\u00fchren in H\u00f6he von 50 % des Gesamtbetrags f\u00e4llig. Danach stellen wir den vollen Veranstaltungspreis in Rechnung. Alternativ k\u00f6nnen Sie gern einen Ersatzteilnehmer benennen.<\/p>\n<h2>Absage von Seiten des Veranstalters<\/h2>\n<p>Das Fraunhofer IZM beh\u00e4lt sich vor, Veranstaltungen bei zu geringer Teilnehmerzahl oder bei h\u00f6herer Gewalt abzusagen. In diesem Fall werden wir Ihnen nach M\u00f6glichkeit einen Ersatztermin anbieten. Ist dies nicht m\u00f6glich, k\u00f6nnen Sie unentgeltlich von der Buchung zur\u00fccktreten. Bereits gezahlte Teilnahmegeb\u00fchren werden dann erstattet. Ein Anspruch auf Ersatz von Reise- und \u00dcbernachtungskosten sowie Arbeitsausfall ist ausgeschlossen.<\/p>\n","protected":false},"excerpt":{"rendered":"<p>Buchung Im Interesse der Planungssicherheit bitten wir um eine Anmeldung bis vier Wochen vor Veranstaltungsbeginn. Sie erhalten anschlie\u00dfend von uns eine schriftliche Best\u00e4tigung Ihrer Anmeldung, mit welcher der Vertrag zustande kommt, sowie eine elektronische Rechnung. Bei Veranstaltungen mit beschr\u00e4nkter Teilnehmerzahl vergeben wir die Pl\u00e4tze nach der Reihenfolge des Eingangs der Anmeldungen. Ist die Veranstaltung bereits &hellip; <\/p>\n<p class=\"link-more\"><a href=\"https:\/\/cms.mcc-events.de\/izm\/buchungs-und-stornierungsbedingungen\/\" class=\"more-link\"><span class=\"screen-reader-text\">\u201eBuchungs- und Stornierungsbedingungen\u201c <\/span>weiterlesen<\/a><\/p>\n","protected":false},"author":1,"featured_media":0,"parent":0,"menu_order":0,"comment_status":"closed","ping_status":"closed","template":"","meta":{"_acf_changed":false,"footnotes":""},"class_list":["post-120","page","type-page","status-publish","hentry"],"acf":[],"_links":{"self":[{"href":"https:\/\/cms.mcc-events.de\/izm\/wp-json\/wp\/v2\/pages\/120","targetHints":{"allow":["GET"]}}],"collection":[{"href":"https:\/\/cms.mcc-events.de\/izm\/wp-json\/wp\/v2\/pages"}],"about":[{"href":"https:\/\/cms.mcc-events.de\/izm\/wp-json\/wp\/v2\/types\/page"}],"author":[{"embeddable":true,"href":"https:\/\/cms.mcc-events.de\/izm\/wp-json\/wp\/v2\/users\/1"}],"replies":[{"embeddable":true,"href":"https:\/\/cms.mcc-events.de\/izm\/wp-json\/wp\/v2\/comments?post=120"}],"version-history":[{"count":2,"href":"https:\/\/cms.mcc-events.de\/izm\/wp-json\/wp\/v2\/pages\/120\/revisions"}],"predecessor-version":[{"id":137,"href":"https:\/\/cms.mcc-events.de\/izm\/wp-json\/wp\/v2\/pages\/120\/revisions\/137"}],"wp:attachment":[{"href":"https:\/\/cms.mcc-events.de\/izm\/wp-json\/wp\/v2\/media?parent=120"}],"curies":[{"name":"wp","href":"https:\/\/api.w.org\/{rel}","templated":true}]}}